{"id":1524,"date":"2022-10-05T09:47:56","date_gmt":"2022-10-05T07:47:56","guid":{"rendered":"https:\/\/walkenhorst-coaching.com\/lista-de-enlaces\/"},"modified":"2025-11-07T09:46:50","modified_gmt":"2025-11-07T08:46:50","slug":"lista-de-enlaces","status":"publish","type":"page","link":"https:\/\/walkenhorst-coaching.com\/es\/lista-de-enlaces\/","title":{"rendered":"Lista de enlaces"},"content":{"rendered":"<!--themify_builder_content-->\n<div id=\"themify_builder_content-1524\" data-postid=\"1524\" class=\"themify_builder_content themify_builder_content-1524 themify_builder tf_clear\">\n                    <div  data-lazy=\"1\" class=\"module_row themify_builder_row tb_wg45517 tb_first tf_w\">\n                        <div class=\"row_inner col_align_top tb_col_count_1 tf_box tf_rel\">\n                        <div  data-lazy=\"1\" class=\"module_column tb-column col-full tb_8vsb517 first\">\n                    <!-- module plain text -->\n<div  class=\"module module-plain-text tb_88od226 \" data-lazy=\"1\" data-lax-translate-y=\"(vh*1) 0,(vh*0) -70\" data-lax=\"true\">\n        <div class=\"tb_text_wrap\">\n    <div style=\"clear:both;\"><\/div><div id=\"list-wplf\" class=\"listid-wplf wplf-display\"><div id=\"wplf_list-item-0\" class=\"list-item wplf-item\">\r\n\t\t\t\t<a class=\"wplf_link\" href=\"https:\/\/www.naturopath.de\/\" target=\"_blank\">\r\n\t\t\t\t<div class=\"list-img\"><img loading=\"lazy\" decoding=\"async\" width=\"300\" height=\"163\" src=\"https:\/\/walkenhorst-coaching.com\/wp-content\/uploads\/2022\/10\/naturopath-300x163.png\" class=\"attachment-medium size-medium\" alt=\"\" style=\"\" srcset=\"https:\/\/walkenhorst-coaching.com\/wp-content\/uploads\/2022\/10\/naturopath-300x163.png 300w, https:\/\/walkenhorst-coaching.com\/wp-content\/uploads\/2022\/10\/naturopath-768x417.png 768w, https:\/\/walkenhorst-coaching.com\/wp-content\/uploads\/2022\/10\/naturopath.png 997w\" sizes=\"auto, (max-width: 300px) 100vw, 300px\" \/><\/div>\r\n\t\t\t\t<p class=\"wplf_display\" style=\"text-align: right\" >https:\/\/www.naturopath.de\/fortbildungen\/emdr\/<\/p>\r\n\t\t\t\t<\/a><p class=\"wplf_desc\" style=\"text-align: right\">hier bin ich als Dozent t\u00e4tig.<\/p>\r\n\t\t\t\t<\/div>\r\n\t\t\t\t<hr><div id=\"wplf_list-item-1\" class=\"list-item wplf-item\">\r\n\t\t\t\t<a class=\"wplf_link\" href=\"https:\/\/www.sandra-yoco.de\/\" target=\"_blank\">\r\n\t\t\t\t<div class=\"list-img\"><img loading=\"lazy\" decoding=\"async\" width=\"300\" height=\"225\" src=\"https:\/\/walkenhorst-coaching.com\/wp-content\/uploads\/wp-links-page\/httpswwwsandrayocode1775912928-300x225.jpg\" class=\"attachment-medium size-medium\" alt=\"\" style=\"\" srcset=\"https:\/\/walkenhorst-coaching.com\/wp-content\/uploads\/wp-links-page\/httpswwwsandrayocode1775912928-300x225.jpg 300w, https:\/\/walkenhorst-coaching.com\/wp-content\/uploads\/wp-links-page\/httpswwwsandrayocode1775912928-1024x768.jpg 1024w, https:\/\/walkenhorst-coaching.com\/wp-content\/uploads\/wp-links-page\/httpswwwsandrayocode1775912928-768x576.jpg 768w, https:\/\/walkenhorst-coaching.com\/wp-content\/uploads\/wp-links-page\/httpswwwsandrayocode1775912928-500x375.jpg 500w, https:\/\/walkenhorst-coaching.com\/wp-content\/uploads\/wp-links-page\/httpswwwsandrayocode1775912928-800x600.jpg 800w, https:\/\/walkenhorst-coaching.com\/wp-content\/uploads\/wp-links-page\/httpswwwsandrayocode1775912928.jpg 1280w\" sizes=\"auto, (max-width: 300px) 100vw, 300px\" \/><\/div>\r\n\t\t\t\t<p class=\"wplf_display\" style=\"text-align: right\" >https:\/\/www.sandra-yoco.de\/<\/p>\r\n\t\t\t\t<\/a><p class=\"wplf_desc\" style=\"text-align: right\"><div class=\"module module-text tb_ggds685\">\r\n<div class=\"tb_text_wrap\">\r\n\r\nJeder Mensch, jedes Team, jede Schule hat eigene Bedarfe.\r\n\r\nDeshalb biete ich nicht nur festgelegte Aus- und Weiterbildungen an.\r\n\r\nMeine langj\u00e4hrige Berufserfahrung, sowie meine vielf\u00e4ltigen Ausbildungen erlauben mir eine hohe Flexibilit\u00e4t in der Gestaltung und Umsetzung unterschiedlicher Themen.\r\n\r\n<\/div>\r\n<\/div><\/p>\r\n\t\t\t\t<\/div>\r\n\t\t\t\t<hr><div id=\"wplf_list-item-2\" class=\"list-item wplf-item\">\r\n\t\t\t\t<a class=\"wplf_link\" href=\"https:\/\/psyoco.de\/\" target=\"_blank\">\r\n\t\t\t\t<div class=\"list-img\"><img loading=\"lazy\" decoding=\"async\" width=\"300\" height=\"225\" src=\"https:\/\/walkenhorst-coaching.com\/wp-content\/uploads\/wp-links-page\/httpspsyocode1699765794-300x225.jpg\" class=\"attachment-medium size-medium\" alt=\"\" style=\"\" srcset=\"https:\/\/walkenhorst-coaching.com\/wp-content\/uploads\/wp-links-page\/httpspsyocode1699765794-300x225.jpg 300w, https:\/\/walkenhorst-coaching.com\/wp-content\/uploads\/wp-links-page\/httpspsyocode1699765794-1024x768.jpg 1024w, https:\/\/walkenhorst-coaching.com\/wp-content\/uploads\/wp-links-page\/httpspsyocode1699765794-768x576.jpg 768w, https:\/\/walkenhorst-coaching.com\/wp-content\/uploads\/wp-links-page\/httpspsyocode1699765794.jpg 1280w\" sizes=\"auto, (max-width: 300px) 100vw, 300px\" \/><\/div>\r\n\t\t\t\t<p class=\"wplf_display\" style=\"text-align: right\" >https:\/\/psyoco.de\/<\/p>\r\n\t\t\t\t<\/a><p class=\"wplf_desc\" style=\"text-align: right\">Hier erf\u00e4hrst Du mehr \u00fcber unsere Ausbildung und unser Buch &#8220;Yoga trifft Coaching&#8221;, das im Meyer &amp; Meyer Verlag erschienen ist.<\/p>\r\n\t\t\t\t<\/div>\r\n\t\t\t\t<hr><\/div><div style=\"clear:both;\"><\/div>    <\/div>\n<\/div>\n<!-- \/module plain text -->        <\/div>\n                        <\/div>\n        <\/div>\n        <\/div>\n<!--\/themify_builder_content--><p><\/p>","protected":false},"excerpt":{"rendered":"","protected":false},"author":1,"featured_media":0,"parent":0,"menu_order":0,"comment_status":"closed","ping_status":"closed","template":"","meta":{"footnotes":""},"class_list":["post-1524","page","type-page","status-publish","hentry","has-post-title","has-post-date","has-post-category","has-post-tag","has-post-comment","has-post-author",""],"builder_content":"[wp_links_page display=\"list\" title_style=\"text-align: right\" desc=\"content\" description_link=\"no\" desc_style=\"text-align: right\"]","_links":{"self":[{"href":"https:\/\/walkenhorst-coaching.com\/es\/wp-json\/wp\/v2\/pages\/1524","targetHints":{"allow":["GET"]}}],"collection":[{"href":"https:\/\/walkenhorst-coaching.com\/es\/wp-json\/wp\/v2\/pages"}],"about":[{"href":"https:\/\/walkenhorst-coaching.com\/es\/wp-json\/wp\/v2\/types\/page"}],"author":[{"embeddable":true,"href":"https:\/\/walkenhorst-coaching.com\/es\/wp-json\/wp\/v2\/users\/1"}],"replies":[{"embeddable":true,"href":"https:\/\/walkenhorst-coaching.com\/es\/wp-json\/wp\/v2\/comments?post=1524"}],"version-history":[{"count":2,"href":"https:\/\/walkenhorst-coaching.com\/es\/wp-json\/wp\/v2\/pages\/1524\/revisions"}],"predecessor-version":[{"id":1526,"href":"https:\/\/walkenhorst-coaching.com\/es\/wp-json\/wp\/v2\/pages\/1524\/revisions\/1526"}],"wp:attachment":[{"href":"https:\/\/walkenhorst-coaching.com\/es\/wp-json\/wp\/v2\/media?parent=1524"}],"curies":[{"name":"wp","href":"https:\/\/api.w.org\/{rel}","templated":true}]}}