{"id":1570,"date":"2022-10-05T10:33:04","date_gmt":"2022-10-05T08:33:04","guid":{"rendered":"https:\/\/walkenhorst-coaching.com\/aviso-legal\/"},"modified":"2026-02-04T11:01:50","modified_gmt":"2026-02-04T10:01:50","slug":"aviso-legal","status":"publish","type":"page","link":"https:\/\/walkenhorst-coaching.com\/es\/aviso-legal\/","title":{"rendered":"Aviso legal"},"content":{"rendered":"<!--themify_builder_content-->\n<div id=\"themify_builder_content-1570\" data-postid=\"1570\" class=\"themify_builder_content themify_builder_content-1570 themify_builder tf_clear\">\n                    <div  data-lazy=\"1\" class=\"module_row themify_builder_row tb_3ffs171 tb_first tf_w\">\n                        <div class=\"row_inner col_align_top tb_col_count_1 tf_box tf_rel\">\n                        <div  data-lazy=\"1\" class=\"module_column tb-column col-full tb_y2zx171 first\">\n                    <!-- module text -->\n<div  class=\"module module-text tb_ts9b369   \" data-lazy=\"1\">\n    <h3 class=\"module-title\">Aviso legal<\/h3>    <div  class=\"tb_text_wrap\">\n        <p><strong>Titular:<\/strong> Michael Walkenhorst<br \/><strong>Condici\u00f3n:<\/strong> Aut\u00f3nomo<br \/><strong>NIE\/DNI:<\/strong> Y8153025E<br \/><strong>Direcci\u00f3n:<\/strong> Carrer Franconia 25, 07688 Cala Murada<\/p>\n<p><strong>Correo electr\u00f3nico:<\/strong> kontakt@walkenhorst-coaching.com<\/p>\n<p><strong>Tel\u00e9fono:<\/strong> +49 15226574306 Disponibilidad solo con cita previa (preferiblemente contacto por correo electr\u00f3nico)<br \/><strong>Actividad:<\/strong> Coaching y asesoramiento profesional online y presencial<br \/><strong>Registro Fiscal:<\/strong> Aut\u00f3nomo registrado en la Agencia Tributaria Espa\u00f1ola<\/p>\n<p><strong>Responsabilidad:<\/strong><br \/>El titular no se hace responsable de la informaci\u00f3n publicada en enlaces externos. La informaci\u00f3n se proporciona con fines informativos y no sustituye asesoramiento profesional.<\/p>\n<p><strong>Propiedad intelectual:<\/strong><br \/>Todos los contenidos de esta web (textos, im\u00e1genes, v\u00eddeos) son propiedad del titular o de terceros con permiso de uso. Queda prohibida la reproducci\u00f3n total o parcial sin autorizaci\u00f3n.<\/p>\n<p><strong>Legislaci\u00f3n aplicable:<\/strong><br \/>La relaci\u00f3n entre el usuario y el titular se rige por la legislaci\u00f3n espa\u00f1ola.<\/p>\n<p><strong>Nota:<\/strong><\/p>\n<p>El coaching y la consultor\u00eda no constituyen asesoramiento m\u00e9dico, psicoterap\u00e9utico, curativo ni legal.<\/p>\n<p>No se garantiza ning\u00fan resultado espec\u00edfico.<\/p>    <\/div>\n<\/div>\n<!-- \/module text -->        <\/div>\n                        <\/div>\n        <\/div>\n        <\/div>\n<!--\/themify_builder_content-->","protected":false},"excerpt":{"rendered":"<p>Titular: Michael WalkenhorstCondici\u00f3n: Aut\u00f3nomoNIE\/DNI: Y8153025EDirecci\u00f3n: Carrer Franconia 25, 07688 Cala Murada Correo electr\u00f3nico: kontakt@walkenhorst-coaching.com Tel\u00e9fono: +49 15226574306 Disponibilidad solo con cita previa (preferiblemente contacto por correo electr\u00f3nico)Actividad: Coaching y asesoramiento profesional online y presencialRegistro Fiscal: Aut\u00f3nomo registrado en la Agencia Tributaria Espa\u00f1ola Responsabilidad:El titular no se hace responsable de la informaci\u00f3n publicada en enlaces externos. [&hellip;]<\/p>\n","protected":false},"author":1,"featured_media":0,"parent":0,"menu_order":0,"comment_status":"closed","ping_status":"closed","template":"","meta":{"footnotes":""},"class_list":["post-1570","page","type-page","status-publish","hentry","has-post-title","has-post-date","has-post-category","has-post-tag","has-post-comment","has-post-author",""],"builder_content":"<h3>Aviso legal<\/h3> <p><strong>Titular:<\/strong> Michael Walkenhorst<br \/><strong>Condici\u00f3n:<\/strong> Aut\u00f3nomo<br \/><strong>NIE\/DNI:<\/strong> Y8153025E<br \/><strong>Direcci\u00f3n:<\/strong> Carrer Franconia 25, 07688 Cala Murada<\/p> <p><strong>Correo electr\u00f3nico:<\/strong> kontakt@walkenhorst-coaching.com<\/p> <p><strong>Tel\u00e9fono:<\/strong> +49 15226574306 Disponibilidad solo con cita previa (preferiblemente contacto por correo electr\u00f3nico)<br \/><strong>Actividad:<\/strong> Coaching y asesoramiento profesional online y presencial<br \/><strong>Registro Fiscal:<\/strong> Aut\u00f3nomo registrado en la Agencia Tributaria Espa\u00f1ola<\/p> <p><strong>Responsabilidad:<\/strong><br \/>El titular no se hace responsable de la informaci\u00f3n publicada en enlaces externos. La informaci\u00f3n se proporciona con fines informativos y no sustituye asesoramiento profesional.<\/p> <p><strong>Propiedad intelectual:<\/strong><br \/>Todos los contenidos de esta web (textos, im\u00e1genes, v\u00eddeos) son propiedad del titular o de terceros con permiso de uso. Queda prohibida la reproducci\u00f3n total o parcial sin autorizaci\u00f3n.<\/p> <p><strong>Legislaci\u00f3n aplicable:<\/strong><br \/>La relaci\u00f3n entre el usuario y el titular se rige por la legislaci\u00f3n espa\u00f1ola.<\/p> <p><strong>Nota:<\/strong><\/p> <p>El coaching y la consultor\u00eda no constituyen asesoramiento m\u00e9dico, psicoterap\u00e9utico, curativo ni legal.<\/p> <p>No se garantiza ning\u00fan resultado espec\u00edfico.<\/p>","_links":{"self":[{"href":"https:\/\/walkenhorst-coaching.com\/es\/wp-json\/wp\/v2\/pages\/1570","targetHints":{"allow":["GET"]}}],"collection":[{"href":"https:\/\/walkenhorst-coaching.com\/es\/wp-json\/wp\/v2\/pages"}],"about":[{"href":"https:\/\/walkenhorst-coaching.com\/es\/wp-json\/wp\/v2\/types\/page"}],"author":[{"embeddable":true,"href":"https:\/\/walkenhorst-coaching.com\/es\/wp-json\/wp\/v2\/users\/1"}],"replies":[{"embeddable":true,"href":"https:\/\/walkenhorst-coaching.com\/es\/wp-json\/wp\/v2\/comments?post=1570"}],"version-history":[{"count":18,"href":"https:\/\/walkenhorst-coaching.com\/es\/wp-json\/wp\/v2\/pages\/1570\/revisions"}],"predecessor-version":[{"id":2657,"href":"https:\/\/walkenhorst-coaching.com\/es\/wp-json\/wp\/v2\/pages\/1570\/revisions\/2657"}],"wp:attachment":[{"href":"https:\/\/walkenhorst-coaching.com\/es\/wp-json\/wp\/v2\/media?parent=1570"}],"curies":[{"name":"wp","href":"https:\/\/api.w.org\/{rel}","templated":true}]}}