{"id":1588,"date":"2024-08-21T16:09:13","date_gmt":"2024-08-21T14:09:13","guid":{"rendered":"https:\/\/walkenhorst-coaching.com\/formacion-inicial-y-continua\/"},"modified":"2026-01-28T13:32:49","modified_gmt":"2026-01-28T12:32:49","slug":"formacion-inicial-y-continua","status":"publish","type":"page","link":"https:\/\/walkenhorst-coaching.com\/es\/formacion-inicial-y-continua\/","title":{"rendered":"Formaci\u00f3n inicial y continua"},"content":{"rendered":"<!--themify_builder_content-->\n<div id=\"themify_builder_content-1588\" data-postid=\"1588\" class=\"themify_builder_content themify_builder_content-1588 themify_builder tf_clear\">\n                    <div  data-lazy=\"1\" class=\"module_row themify_builder_row tb_f0di841 tb_first tf_w\">\n                        <div class=\"row_inner col_align_top tb_col_count_1 tf_box tf_rel\">\n                        <div  data-lazy=\"1\" class=\"module_column tb-column col-full tb_h0zh842 first\">\n                    <!-- module plain text -->\n<div  class=\"module module-plain-text tb_tw5w916 \" data-lazy=\"1\" data-lax-translate-y=\"(vh*1) 0,(vh*0) -70\" data-lax=\"true\">\n        <div class=\"tb_text_wrap\">\n    Seminarios y formaciones individuales    <\/div>\n<\/div>\n<!-- \/module plain text --><!-- module text -->\n<div  class=\"module module-text tb_p7sp108   \" data-lazy=\"1\" data-lax-translate-y=\"(vh*1) 0,(vh*0) -70\" data-lax=\"true\">\n        <div  class=\"tb_text_wrap\">\n        <p>Estar\u00e9 encantado de dise\u00f1ar formaciones internas, reuniones de trabajo, jornadas pedag\u00f3gicas, seminarios y talleres adaptados individualmente a sus necesidades, contando conmigo como docente y ponente.<\/p>\n<p>Estar\u00e9 encantado de atender sus consultas individuales y proporcionarle informaci\u00f3n.<\/p>    <\/div>\n<\/div>\n<!-- \/module text --><!-- module plain text -->\n<div  class=\"module module-plain-text tb_d895838 \" data-lazy=\"1\" data-lax-translate-y=\"(vh*1) 0,(vh*0) -70\" data-lax=\"true\">\n        <div class=\"tb_text_wrap\">\n    Ofertas consolidadas de formaci\u00f3n inicial, continua y avanzada<br>conmigo como docente    <\/div>\n<\/div>\n<!-- \/module plain text --><!-- module text -->\n<div  class=\"module module-text tb_29h3294   \" data-lazy=\"1\" data-lax-translate-y=\"(vh*1) 0,(vh*0) -70\" data-lax=\"true\">\n        <div  class=\"tb_text_wrap\">\n        <h3><strong><span style=\"font-family: agilo-handwriting;\">Introducci\u00f3n al \u201ctrabajo con partes internas\u201d y al \u201cestado del ego\u201d<\/span><\/strong> Formaci\u00f3n continua de 2 d\u00edas<\/h3>\n<p><strong>Identificar, personificar y poner en di\u00e1logo las partes internas permite encontrar soluciones y posibilita el cambio. El sistema interno tambi\u00e9n se hace experimentable a trav\u00e9s del di\u00e1logo de las distintas partes.  <\/strong><\/p>\n<p><a href=\"https:\/\/www.naturopath.de\/fortbildungen\/emdr\/\" target=\"_blank\" rel=\"noopener\">Naturopath Heilpraktikerschule en Darmstadt\/Seeheim<\/a><\/p>\n<p> <\/p>\n<h3><span style=\"font-size: 14pt; font-family: agilo-handwriting;\"><strong>EMDR<\/strong>:<\/span> Formaci\u00f3n continua de 3 d\u00edas<\/h3>\n<p>El EMDR pertenece al grupo de las \u201ct\u00e9cnicas bifocales multisensoriales\u201d y actualmente se utiliza en el coaching y la terapia como t\u00e9cnica de intervenci\u00f3n con un amplio campo de aplicaci\u00f3n. Se puede reservar individualmente y forma parte de la formaci\u00f3n para \u201cAsesor psicol\u00f3gico\u201d. <\/p>\n<p><a href=\"https:\/\/www.naturopath.de\/fortbildungen\/emdr\/\" target=\"_blank\" rel=\"noopener\">Naturopath Heilpraktikerschule en Darmstadt\/Seeheim<\/a><\/p>\n<p><span style=\"font-size: 18pt; font-family: montez;\"><span style=\"font-family: agilo-handwriting;\">Coaching de esquemas:<\/span><\/span> Formaci\u00f3n avanzada de 4 d\u00edas<br>En busca de trampas vitales y su resoluci\u00f3n, entre otras cosas con enfoques conductuales y psicol\u00f3gicos profundos.<\/p>\n<p><a href=\"https:\/\/www.naturopath.de\/fortbildungen\/emdr\/\" target=\"_blank\" rel=\"noopener\">Naturopath Heilpraktikerschule en Darmstadt\/Seeheim<\/a><\/p>\n<p><span style=\"font-family: agilo-handwriting; font-size: 14pt;\">Systembrett:<\/span> Formaci\u00f3n continua de 2 d\u00edas<\/p>\n<p>Trabajo de constelaciones con figuras (de madera) que permiten representar lo interno en el exterior y as\u00ed obtener una visi\u00f3n general y hacerlo comprensible.<\/p>\n<p><a href=\"https:\/\/www.naturopath.de\/fortbildungen\/emdr\/\" target=\"_blank\" rel=\"noopener\">Naturopath Heilpraktikerschule en Darmstadt\/Seeheim<\/a><\/p>\n<p><span style=\"font-size: 14pt;\"><span style=\"font-family: agilo-handwriting;\">Modelo ABC<\/span>:<\/span> Formaci\u00f3n continua de 2 d\u00edas<\/p>\n<p>Tambi\u00e9n llamada terapia racional emotiva conductual seg\u00fan Ellis, esta herramienta es una posibilidad para hacer que las creencias sean visibles y modificables.<\/p>\n<p><a href=\"https:\/\/www.naturopath.de\/fortbildungen\/emdr\/\" target=\"_blank\" rel=\"noopener\">Naturopath Heilpraktikerschule en Darmstadt\/Seeheim<\/a><\/p>\n<h3><span style=\"font-family: agilo-handwriting; font-size: 14pt;\">Comunicaci\u00f3n y entorno terap\u00e9utico:<\/span><\/h3>\n<p>Formaci\u00f3n continua de 2 d\u00edas<\/p>\n<p>En el trabajo profesional con personas, el entorno y la comunicaci\u00f3n son factores esenciales para una buena colaboraci\u00f3n con los clientes. Dise\u00f1ar estos aspectos conscientemente para el trabajo con personas es la base del trabajo profesional. <\/p>\n<p><a href=\"https:\/\/www.naturopath.de\/fortbildungen\/emdr\/\" target=\"_blank\" rel=\"noopener\">Naturopath Heilpraktikerschule en Darmstadt\/Seeheim<\/a><\/p>\n<h3><span style=\"font-family: agilo-handwriting; font-size: 14pt;\">Formaci\u00f3n para \u201cAsesor psicol\u00f3gico\u201d<\/span><\/h3>\n<p>Esta formaci\u00f3n comprende un total de 12 d\u00edas de formaci\u00f3n (los m\u00f3dulos: EMDR, Schemacoaching, Systembrett, Modelo ABC, as\u00ed como Comunicaci\u00f3n y entorno terap\u00e9utico). Se completa con la presentaci\u00f3n de una documentaci\u00f3n de caso y la posterior supervisi\u00f3n del caso. <\/p>\n<p><a href=\"https:\/\/www.naturopath.de\/fortbildungen\/emdr\/\" target=\"_blank\" rel=\"noopener\">Naturopath Heilpraktikerschule en Darmstadt\/Seeheim<\/a><\/p>\n<h3><span style=\"font-family: agilo-handwriting; font-size: 14pt;\">Formaci\u00f3n para \u201cCoach infantil y juvenil\u201d<\/span><\/h3>\n<p>Esta oferta est\u00e1 dirigida a personas que desean trabajar profesionalmente apoyando y acompa\u00f1ando a ni\u00f1os, j\u00f3venes y sus padres. Para obtener la certificaci\u00f3n, se debe presentar una documentaci\u00f3n del caso, a la que sigue una supervisi\u00f3n del caso. <\/p>\n<p>Reserva y contacto a trav\u00e9s de: <a href=\"http:\/\/www.psyoco.de\" target=\"_blank\" rel=\"noopener\">www.psyoco.de<\/a><\/p>\n<h3><span style=\"font-family: agilo-handwriting; font-size: 14pt;\">Formaci\u00f3n para \u201cYogacoach psicol\u00f3gico\u201d<\/span><\/h3>\n<p>Esta formaci\u00f3n est\u00e1 dirigida a profesores de yoga que desean obtener una cualificaci\u00f3n adicional. A lo largo de tres fines de semana, aprender\u00e1n c\u00f3mo las herramientas psicol\u00f3gicas pueden utilizarse de forma sensata en su trabajo como profesores de yoga, pero tambi\u00e9n en el trabajo como coach. <\/p>\n<p>Reserva y contacto a trav\u00e9s de: <a href=\"http:\/\/www.psyoco.de\" target=\"_blank\" rel=\"noopener\">www.psyoco.de<\/a><\/p>\n<h3><span style=\"font-family: agilo-handwriting; font-size: 14pt;\">Formaci\u00f3n para \u201cYogacoach psicol\u00f3gico infantil y juvenil\u201d<\/span><\/h3>\n<p>Esta oferta est\u00e1 dirigida a profesores de yoga infantil y profesores de yoga que desean trabajar profesionalmente con ni\u00f1os y j\u00f3venes tambi\u00e9n en el \u00e1mbito del coaching y el asesoramiento.<\/p>\n<p>Reserva y contacto a trav\u00e9s de: <a href=\"http:\/\/www.psyoco.de\" target=\"_blank\" rel=\"noopener\">www.psyoco.de<\/a><\/p>    <\/div>\n<\/div>\n<!-- \/module text -->        <\/div>\n                        <\/div>\n        <\/div>\n        <\/div>\n<!--\/themify_builder_content-->","protected":false},"excerpt":{"rendered":"<p>Seminarios y formaciones individuales Estar\u00e9 encantado de dise\u00f1ar formaciones internas, reuniones de trabajo, jornadas pedag\u00f3gicas, seminarios y talleres adaptados individualmente a sus necesidades, contando conmigo como docente y ponente. Estar\u00e9 encantado de atender sus consultas individuales y proporcionarle informaci\u00f3n. Ofertas consolidadas de formaci\u00f3n inicial, continua y avanzadaconmigo como docente Introducci\u00f3n al \u201ctrabajo con partes internas\u201d [&hellip;]<\/p>\n","protected":false},"author":1,"featured_media":0,"parent":0,"menu_order":0,"comment_status":"closed","ping_status":"closed","template":"","meta":{"footnotes":""},"class_list":["post-1588","page","type-page","status-publish","hentry","has-post-title","has-post-date","has-post-category","has-post-tag","has-post-comment","has-post-author",""],"builder_content":"Seminarios y formaciones individuales\n<p>Estar\u00e9 encantado de dise\u00f1ar formaciones internas, reuniones de trabajo, jornadas pedag\u00f3gicas, seminarios y talleres adaptados individualmente a sus necesidades, contando conmigo como docente y ponente.<\/p> <p>Estar\u00e9 encantado de atender sus consultas individuales y proporcionarle informaci\u00f3n.<\/p>\nOfertas consolidadas de formaci\u00f3n inicial, continua y avanzada<br>conmigo como docente\n<h3><strong>Introducci\u00f3n al \u201ctrabajo con partes internas\u201d y al \u201cestado del ego\u201d<\/strong> Formaci\u00f3n continua de 2 d\u00edas<\/h3> <p><strong>Identificar, personificar y poner en di\u00e1logo las partes internas permite encontrar soluciones y posibilita el cambio. El sistema interno tambi\u00e9n se hace experimentable a trav\u00e9s del di\u00e1logo de las distintas partes. <\/strong><\/p> <p><a href=\"https:\/\/www.naturopath.de\/fortbildungen\/emdr\/\" target=\"_blank\" rel=\"noopener\">Naturopath Heilpraktikerschule en Darmstadt\/Seeheim<\/a><\/p> <p> <\/p> <h3><strong>EMDR<\/strong>: Formaci\u00f3n continua de 3 d\u00edas<\/h3> <p>El EMDR pertenece al grupo de las \u201ct\u00e9cnicas bifocales multisensoriales\u201d y actualmente se utiliza en el coaching y la terapia como t\u00e9cnica de intervenci\u00f3n con un amplio campo de aplicaci\u00f3n. Se puede reservar individualmente y forma parte de la formaci\u00f3n para \u201cAsesor psicol\u00f3gico\u201d. <\/p> <p><a href=\"https:\/\/www.naturopath.de\/fortbildungen\/emdr\/\" target=\"_blank\" rel=\"noopener\">Naturopath Heilpraktikerschule en Darmstadt\/Seeheim<\/a><\/p> <p>Coaching de esquemas: Formaci\u00f3n avanzada de 4 d\u00edas<br>En busca de trampas vitales y su resoluci\u00f3n, entre otras cosas con enfoques conductuales y psicol\u00f3gicos profundos.<\/p> <p><a href=\"https:\/\/www.naturopath.de\/fortbildungen\/emdr\/\" target=\"_blank\" rel=\"noopener\">Naturopath Heilpraktikerschule en Darmstadt\/Seeheim<\/a><\/p> <p>Systembrett: Formaci\u00f3n continua de 2 d\u00edas<\/p> <p>Trabajo de constelaciones con figuras (de madera) que permiten representar lo interno en el exterior y as\u00ed obtener una visi\u00f3n general y hacerlo comprensible.<\/p> <p><a href=\"https:\/\/www.naturopath.de\/fortbildungen\/emdr\/\" target=\"_blank\" rel=\"noopener\">Naturopath Heilpraktikerschule en Darmstadt\/Seeheim<\/a><\/p> <p>Modelo ABC: Formaci\u00f3n continua de 2 d\u00edas<\/p> <p>Tambi\u00e9n llamada terapia racional emotiva conductual seg\u00fan Ellis, esta herramienta es una posibilidad para hacer que las creencias sean visibles y modificables.<\/p> <p><a href=\"https:\/\/www.naturopath.de\/fortbildungen\/emdr\/\" target=\"_blank\" rel=\"noopener\">Naturopath Heilpraktikerschule en Darmstadt\/Seeheim<\/a><\/p> <h3>Comunicaci\u00f3n y entorno terap\u00e9utico:<\/h3> <p>Formaci\u00f3n continua de 2 d\u00edas<\/p> <p>En el trabajo profesional con personas, el entorno y la comunicaci\u00f3n son factores esenciales para una buena colaboraci\u00f3n con los clientes. Dise\u00f1ar estos aspectos conscientemente para el trabajo con personas es la base del trabajo profesional. <\/p> <p><a href=\"https:\/\/www.naturopath.de\/fortbildungen\/emdr\/\" target=\"_blank\" rel=\"noopener\">Naturopath Heilpraktikerschule en Darmstadt\/Seeheim<\/a><\/p> <h3>Formaci\u00f3n para \u201cAsesor psicol\u00f3gico\u201d<\/h3> <p>Esta formaci\u00f3n comprende un total de 12 d\u00edas de formaci\u00f3n (los m\u00f3dulos: EMDR, Schemacoaching, Systembrett, Modelo ABC, as\u00ed como Comunicaci\u00f3n y entorno terap\u00e9utico). Se completa con la presentaci\u00f3n de una documentaci\u00f3n de caso y la posterior supervisi\u00f3n del caso. <\/p> <p><a href=\"https:\/\/www.naturopath.de\/fortbildungen\/emdr\/\" target=\"_blank\" rel=\"noopener\">Naturopath Heilpraktikerschule en Darmstadt\/Seeheim<\/a><\/p> <h3>Formaci\u00f3n para \u201cCoach infantil y juvenil\u201d<\/h3> <p>Esta oferta est\u00e1 dirigida a personas que desean trabajar profesionalmente apoyando y acompa\u00f1ando a ni\u00f1os, j\u00f3venes y sus padres. Para obtener la certificaci\u00f3n, se debe presentar una documentaci\u00f3n del caso, a la que sigue una supervisi\u00f3n del caso. <\/p> <p>Reserva y contacto a trav\u00e9s de: <a href=\"http:\/\/www.psyoco.de\" target=\"_blank\" rel=\"noopener\">www.psyoco.de<\/a><\/p> <h3>Formaci\u00f3n para \u201cYogacoach psicol\u00f3gico\u201d<\/h3> <p>Esta formaci\u00f3n est\u00e1 dirigida a profesores de yoga que desean obtener una cualificaci\u00f3n adicional. A lo largo de tres fines de semana, aprender\u00e1n c\u00f3mo las herramientas psicol\u00f3gicas pueden utilizarse de forma sensata en su trabajo como profesores de yoga, pero tambi\u00e9n en el trabajo como coach. <\/p> <p>Reserva y contacto a trav\u00e9s de: <a href=\"http:\/\/www.psyoco.de\" target=\"_blank\" rel=\"noopener\">www.psyoco.de<\/a><\/p> <h3>Formaci\u00f3n para \u201cYogacoach psicol\u00f3gico infantil y juvenil\u201d<\/h3> <p>Esta oferta est\u00e1 dirigida a profesores de yoga infantil y profesores de yoga que desean trabajar profesionalmente con ni\u00f1os y j\u00f3venes tambi\u00e9n en el \u00e1mbito del coaching y el asesoramiento.<\/p> <p>Reserva y contacto a trav\u00e9s de: <a href=\"http:\/\/www.psyoco.de\" target=\"_blank\" rel=\"noopener\">www.psyoco.de<\/a><\/p>","_links":{"self":[{"href":"https:\/\/walkenhorst-coaching.com\/es\/wp-json\/wp\/v2\/pages\/1588","targetHints":{"allow":["GET"]}}],"collection":[{"href":"https:\/\/walkenhorst-coaching.com\/es\/wp-json\/wp\/v2\/pages"}],"about":[{"href":"https:\/\/walkenhorst-coaching.com\/es\/wp-json\/wp\/v2\/types\/page"}],"author":[{"embeddable":true,"href":"https:\/\/walkenhorst-coaching.com\/es\/wp-json\/wp\/v2\/users\/1"}],"replies":[{"embeddable":true,"href":"https:\/\/walkenhorst-coaching.com\/es\/wp-json\/wp\/v2\/comments?post=1588"}],"version-history":[{"count":10,"href":"https:\/\/walkenhorst-coaching.com\/es\/wp-json\/wp\/v2\/pages\/1588\/revisions"}],"predecessor-version":[{"id":2574,"href":"https:\/\/walkenhorst-coaching.com\/es\/wp-json\/wp\/v2\/pages\/1588\/revisions\/2574"}],"wp:attachment":[{"href":"https:\/\/walkenhorst-coaching.com\/es\/wp-json\/wp\/v2\/media?parent=1588"}],"curies":[{"name":"wp","href":"https:\/\/api.w.org\/{rel}","templated":true}]}}