{"id":1619,"date":"2022-10-03T08:04:17","date_gmt":"2022-10-03T06:04:17","guid":{"rendered":"https:\/\/walkenhorst-coaching.com\/formulario-de-contacto\/"},"modified":"2026-02-03T20:23:44","modified_gmt":"2026-02-03T19:23:44","slug":"formulario-de-contacto","status":"publish","type":"page","link":"https:\/\/walkenhorst-coaching.com\/es\/formulario-de-contacto\/","title":{"rendered":"Formulario de contacto"},"content":{"rendered":"<!--themify_builder_content-->\n<div id=\"themify_builder_content-1619\" data-postid=\"1619\" class=\"themify_builder_content themify_builder_content-1619 themify_builder tf_clear\">\n                    <div  data-css_id=\"xs8q534\" data-lazy=\"1\" class=\"module_row themify_builder_row fullwidth tb_xs8q534 tb_first tf_w\">\n                        <div class=\"row_inner col_align_top tb_col_count_3 tf_box tf_rel\">\n                        <div  data-lazy=\"1\" class=\"module_column tb-column col3-1 tb_235o534 first\">\n                            <\/div>\n                    <div  data-lazy=\"1\" class=\"module_column tb-column col3-1 tb_dxv568\">\n                    <!-- module text -->\n<div  class=\"module module-text tb_bnjn301   \" data-lazy=\"1\">\n        <div  class=\"tb_text_wrap\">\n        <p><span style=\"font-size: 14pt; color: #000000;\">Estar\u00e9 encantado de saber de usted.<\/span><br><span style=\"font-size: 14pt; color: #000000;\">Por favor, env\u00edeme un mensaje rellenando el siguiente formulario y me pondr\u00e9 en contacto con usted en breve.<\/span><\/p>    <\/div>\n<\/div>\n<!-- \/module text --><!-- module plain text -->\n<div  class=\"module module-plain-text tb_dcms937 \" data-lazy=\"1\">\n        <div class=\"tb_text_wrap\">\n    <h2>Correo electr\u00f3nico: kontakt@walkenhorst-coaching.com    <\/div>\n<\/div>\n<!-- \/module plain text --><!-- module plain text -->\n<div  class=\"module module-plain-text tb_j79j860 \" data-lazy=\"1\">\n        <div class=\"tb_text_wrap\">\n    <center><div class=\"everest-forms\"><script type='text\/javascript'>\n\/* <![CDATA[ *\/\nvar evf_settings = {\"currency_code\":\"USD\",\"currency_thousands\":\",\",\"currency_decimal\":\".\",\"currency_symbol\":\"$\",\"currency_symbol_pos\":\"left\"}\n\/* ]]> *\/\n<\/script>\n<div class=\"evf-container default\" id=\"evf-1493\"><form id=\"evf-form-1493\" class=\"everest-form\" data-formid=\"1493\" data-ajax_submission=\"0\" data-keyboard_friendly_form=\"0\" data-form_state_type=\"\" method=\"post\" enctype=\"multipart\/form-data\" action=\"\/es\/wp-json\/wp\/v2\/pages\/1619\"><div class=\"evf-field-container\"><input type=\"hidden\" id=\"_wpnonce1493\" name=\"_wpnonce1493\" value=\"0c2d00a5e7\" \/><input type=\"hidden\" name=\"_wp_http_referer\" value=\"\/es\/wp-json\/wp\/v2\/pages\/1619\" \/><div class=\"evf-frontend-row\" data-row=\"row_7\" conditional_rules=\"[]\"><div class=\"evf-frontend-grid evf-grid-1\" data-grid=\"grid_1\"><div id=\"evf-1493-field_BUAUhe5ALa-7-container\" class=\"evf-field evf-field-divider form-row\" data-field-id=\"BUAUhe5ALa-7\"><hr id=\"evf-1493-field_BUAUhe5ALa-7\" class=\"input-text evf-divider default\" name=\"everest_forms[form_fields][BUAUhe5ALa-7]\" conditional_id=\"BUAUhe5ALa-7\"\/><\/div><\/div><\/div><div class=\"evf-frontend-row\" data-row=\"row_5\" conditional_rules=\"[]\"><div class=\"evf-frontend-grid evf-grid-4\" data-grid=\"grid_1\"><div id=\"evf-1493-field_U32mV5hXh1-10-container\" class=\"evf-field evf-field-select form-row\" data-field-id=\"U32mV5hXh1-10\"><label class=\"evf-field-label\" for=\"evf-1493-field_U32mV5hXh1-10\"><span class=\"evf-label\">Tratamiento\/saludo<\/span> <\/label><select id=\"evf-1493-field_U32mV5hXh1-10\" class=\"input-text\" name=\"everest_forms[form_fields][U32mV5hXh1-10]\" conditional_id=\"U32mV5hXh1-10\" ><option value=\"\" ><\/option><option value=\"Frau\/Woman\/Sra\" >Sra.<\/option><option value=\"Herr\/Mr.\/Sr.\" >Sr.<\/option><option value=\"Div\" >Div<\/option><\/select><\/div><\/div><div class=\"evf-frontend-grid evf-grid-4\" data-grid=\"grid_2\"><\/div><div class=\"evf-frontend-grid evf-grid-4\" data-grid=\"grid_3\"><\/div><div class=\"evf-frontend-grid evf-grid-4\" data-grid=\"grid_4\"><\/div><\/div><div class=\"evf-frontend-row\" data-row=\"row_1\" conditional_rules=\"[]\"><div class=\"evf-frontend-grid evf-grid-2\" data-grid=\"grid_1\"><div id=\"evf-1493-field_5IlGKo93RQ-11-container\" class=\"evf-field evf-field-first-name form-row validate-required\" data-required-field-message=\"Este campo es obligatorio.\" data-field-id=\"5IlGKo93RQ-11\"><label class=\"evf-field-label\" for=\"evf-1493-field_5IlGKo93RQ-11\"><span class=\"evf-label\">Nombre\/First name\/Nombre<\/span> <abbr class=\"required\" title=\"Obligatorio\">*<\/abbr><\/label><input type=\"text\" id=\"evf-1493-field_5IlGKo93RQ-11\" class=\"input-text\" name=\"everest_forms[form_fields][5IlGKo93RQ-11]\" conditional_id=\"5IlGKo93RQ-11\" required><\/div><\/div><div class=\"evf-frontend-grid evf-grid-2\" data-grid=\"grid_2\"><\/div><\/div><div class=\"evf-frontend-row\" data-row=\"row_2\" conditional_rules=\"[]\"><div class=\"evf-frontend-grid evf-grid-1\" data-grid=\"grid_1\"><div id=\"evf-1493-field_Sn3rrYMKwB-12-container\" class=\"evf-field evf-field-last-name form-row validate-required\" data-required-field-message=\"Este campo es obligatorio.\" data-field-id=\"Sn3rrYMKwB-12\"><label class=\"evf-field-label\" for=\"evf-1493-field_Sn3rrYMKwB-12\"><span class=\"evf-label\">Apellido\/last name\/apellido<\/span> <abbr class=\"required\" title=\"Obligatorio\">*<\/abbr><\/label><input type=\"text\" id=\"evf-1493-field_Sn3rrYMKwB-12\" class=\"input-text\" name=\"everest_forms[form_fields][Sn3rrYMKwB-12]\" conditional_id=\"Sn3rrYMKwB-12\" required><\/div><div id=\"evf-1493-field_buAzgp2wLv-13-container\" class=\"evf-field evf-field-phone form-row validate-required validate-phone\" data-required-field-message=\"Por favor, introduzca un n\u00famero de tel\u00e9fono v\u00e1lido.\" data-field-id=\"buAzgp2wLv-13\"><label class=\"evf-field-label\" for=\"evf-1493-field_buAzgp2wLv-13\"><span class=\"evf-label\">Tel\u00e9fono\/telephone\/tel\u00e9fono<\/span> <abbr class=\"required\" title=\"Obligatorio\">*<\/abbr><\/label><input type=\"tel\" id=\"evf-1493-field_buAzgp2wLv-13\" class=\"input-text evf-smart-phone-field\" data-rule-smart-phone-field=\"true\" name=\"everest_forms[form_fields][buAzgp2wLv-13]\" conditional_id=\"buAzgp2wLv-13\" required><\/div><div id=\"evf-1493-field_LbH5NxasXM-2-container\" class=\"evf-field evf-field-email form-row validate-required validate-email\" data-required-field-message=\"Por favor, introduzca una direcci\u00f3n de correo electr\u00f3nico v\u00e1lida.\" data-field-id=\"LbH5NxasXM-2\"><label class=\"evf-field-label\" for=\"evf-1493-field_LbH5NxasXM-2\"><span class=\"evf-label\">Email\/Correo electr\u00f3nico<\/span> <abbr class=\"required\" title=\"Obligatorio\">*<\/abbr><\/label><input type=\"email\" id=\"evf-1493-field_LbH5NxasXM-2\" class=\"input-text\" name=\"everest_forms[form_fields][LbH5NxasXM-2]\" conditional_id=\"LbH5NxasXM-2\" required ><\/div><\/div><\/div><div class=\"evf-frontend-row\" data-row=\"row_3\" conditional_rules=\"[]\"><div class=\"evf-frontend-grid evf-grid-1\" data-grid=\"grid_1\"><div id=\"evf-1493-field_5ags4hQovJ-14-container\" class=\"evf-field evf-field-text form-row validate-required\" data-required-field-message=\"Este campo es obligatorio.\" data-field-id=\"5ags4hQovJ-14\"><label class=\"evf-field-label\" for=\"evf-1493-field_5ags4hQovJ-14\"><span class=\"evf-label\">Calle\/N\u00famero\/Street\/House number\/Calle\/N\u00famero<\/span> <abbr class=\"required\" title=\"Obligatorio\">*<\/abbr><\/label><input type=\"text\" id=\"evf-1493-field_5ags4hQovJ-14\" class=\"input-text\" name=\"everest_forms[form_fields][5ags4hQovJ-14]\" conditional_id=\"5ags4hQovJ-14\" required><\/div><\/div><\/div><div class=\"evf-frontend-row\" data-row=\"row_8\" conditional_rules=\"[]\"><div class=\"evf-frontend-grid evf-grid-1\" data-grid=\"grid_1\"><div id=\"evf-1493-field_hBcTopfJcO-15-container\" class=\"evf-field evf-field-text form-row validate-required\" data-required-field-message=\"Este campo es obligatorio.\" data-field-id=\"hBcTopfJcO-15\"><label class=\"evf-field-label\" for=\"evf-1493-field_hBcTopfJcO-15\"><span class=\"evf-label\">C\u00f3digo postal\/postal code\/c\u00f3digo postal<\/span> <abbr class=\"required\" title=\"Obligatorio\">*<\/abbr><\/label><input type=\"text\" id=\"evf-1493-field_hBcTopfJcO-15\" class=\"input-text\" name=\"everest_forms[form_fields][hBcTopfJcO-15]\" conditional_id=\"hBcTopfJcO-15\" required><\/div><div id=\"evf-1493-field_UP2o4AIbOi-16-container\" class=\"evf-field evf-field-text form-row validate-required\" data-required-field-message=\"Este campo es obligatorio.\" data-field-id=\"UP2o4AIbOi-16\"><label class=\"evf-field-label\" for=\"evf-1493-field_UP2o4AIbOi-16\"><span class=\"evf-label\">Ciudad\/city\/ciudad<\/span> <abbr class=\"required\" title=\"Obligatorio\">*<\/abbr><\/label><input type=\"text\" id=\"evf-1493-field_UP2o4AIbOi-16\" class=\"input-text\" name=\"everest_forms[form_fields][UP2o4AIbOi-16]\" conditional_id=\"UP2o4AIbOi-16\" required><\/div><div id=\"evf-1493-field_5D1di0QN7A-17-container\" class=\"evf-field evf-field-textarea form-row\" data-field-id=\"5D1di0QN7A-17\"><label class=\"evf-field-label\" for=\"evf-1493-field_5D1di0QN7A-17\"><span class=\"evf-label\">Espacio para mensajes\/Space for messages\/Espacio para mensajes<\/span> <\/label><textarea id=\"evf-1493-field_5D1di0QN7A-17\" class=\"input-text\" name=\"everest_forms[form_fields][5D1di0QN7A-17]\" conditional_id=\"5D1di0QN7A-17\"  ><\/textarea><\/div><\/div><\/div><div class=\"evf-frontend-row\" data-row=\"row_9\" conditional_rules=\"[]\"><div class=\"evf-frontend-grid evf-grid-2\" data-grid=\"grid_1\"><div id=\"evf-1493-field_HDI3V5Y7VM-18-container\" class=\"evf-field evf-field-radio form-row\" data-field-id=\"HDI3V5Y7VM-18\"><label class=\"evf-field-label\" for=\"evf-1493-field_HDI3V5Y7VM-18\"><span class=\"evf-label\">\u00bfCu\u00e1ndo es mejor localizarle?\/When is the best time to reach you?\/\u00bfCu\u00e1ndo es mejor localizarte?<\/span> <\/label><ul id=\"evf-1493-field_HDI3V5Y7VM-18\"><li class=\"choice-1 depth-1\"><input type=\"radio\" id=\"evf-1493-field_HDI3V5Y7VM-18_1\" class=\"input-text\" name=\"everest_forms[form_fields][HDI3V5Y7VM-18]\" value=\"vormittags\/in the morning\/por la ma\u00f1ana\" conditional_id=\"HDI3V5Y7VM-18\"  ><label class=\"everest-forms-field-label-inline\" for=\"evf-1493-field_HDI3V5Y7VM-18_1\">Por la ma\u00f1ana\/in the morning\/por la ma\u00f1ana<\/label><\/li><li class=\"choice-2 depth-1\"><input type=\"radio\" id=\"evf-1493-field_HDI3V5Y7VM-18_2\" class=\"input-text\" name=\"everest_forms[form_fields][HDI3V5Y7VM-18]\" value=\"nachmittags\/in the afternoon\/por la tarde\" conditional_id=\"HDI3V5Y7VM-18\"  ><label class=\"everest-forms-field-label-inline\" for=\"evf-1493-field_HDI3V5Y7VM-18_2\">Por la tarde\/in the afternoon\/por la tarde<\/label><\/li><li class=\"choice-3 depth-1\"><input type=\"radio\" id=\"evf-1493-field_HDI3V5Y7VM-18_3\" class=\"input-text\" name=\"everest_forms[form_fields][HDI3V5Y7VM-18]\" value=\"abends\/in the evening\/por la noche\" conditional_id=\"HDI3V5Y7VM-18\"  ><label class=\"everest-forms-field-label-inline\" for=\"evf-1493-field_HDI3V5Y7VM-18_3\">Por la noche\/in the evening\/por la noche<\/label><\/li><li class=\"choice-4 depth-1\"><input type=\"radio\" id=\"evf-1493-field_HDI3V5Y7VM-18_4\" class=\"input-text\" name=\"everest_forms[form_fields][HDI3V5Y7VM-18]\" value=\"ganztags\/full-time\/todo el d\u00eda\" conditional_id=\"HDI3V5Y7VM-18\"  ><label class=\"everest-forms-field-label-inline\" for=\"evf-1493-field_HDI3V5Y7VM-18_4\">Todo el d\u00eda\/full-time\/todo el d\u00eda<\/label><\/li><\/ul><\/div><\/div><div class=\"evf-frontend-grid evf-grid-2\" data-grid=\"grid_2\"><div id=\"evf-1493-field_MX2265WlCK-19-container\" class=\"evf-field evf-field-radio form-row\" data-field-id=\"MX2265WlCK-19\"><label class=\"evf-field-label\" for=\"evf-1493-field_MX2265WlCK-19\"><span class=\"evf-label\">\u00bfC\u00f3mo desea recibir la respuesta?\/How would you like to receive feedback?\/\u00bfC\u00f3mo deseas recibir la respuesta?<\/span> <\/label><ul id=\"evf-1493-field_MX2265WlCK-19\"><li class=\"choice-1 depth-1\"><input type=\"radio\" id=\"evf-1493-field_MX2265WlCK-19_1\" class=\"input-text\" name=\"everest_forms[form_fields][MX2265WlCK-19]\" value=\"telefonisch\/by telephone\/por tel\u00e9fono\" conditional_id=\"MX2265WlCK-19\"  ><label class=\"everest-forms-field-label-inline\" for=\"evf-1493-field_MX2265WlCK-19_1\">Por tel\u00e9fono\/by telephone\/por tel\u00e9fono<\/label><\/li><li class=\"choice-2 depth-1\"><input type=\"radio\" id=\"evf-1493-field_MX2265WlCK-19_2\" class=\"input-text\" name=\"everest_forms[form_fields][MX2265WlCK-19]\" value=\"per Mail\/by email\/por correo electr\u00f3nico\" conditional_id=\"MX2265WlCK-19\"  ><label class=\"everest-forms-field-label-inline\" for=\"evf-1493-field_MX2265WlCK-19_2\">Por correo electr\u00f3nico\/by email\/por correo electr\u00f3nico<\/label><\/li><li class=\"choice-3 depth-1\"><input type=\"radio\" id=\"evf-1493-field_MX2265WlCK-19_3\" class=\"input-text\" name=\"everest_forms[form_fields][MX2265WlCK-19]\" value=\"telefonisch oder Mail\/by phone or email\/por tel\u00e9fono o correo electr\u00f3nico\" conditional_id=\"MX2265WlCK-19\"  ><label class=\"everest-forms-field-label-inline\" for=\"evf-1493-field_MX2265WlCK-19_3\">Por tel\u00e9fono o correo electr\u00f3nico\/by phone or email\/por tel\u00e9fono o correo electr\u00f3nico<\/label><\/li><\/ul><\/div><\/div><\/div><div class=\"evf-frontend-row\" data-row=\"row_11\" conditional_rules=\"[]\"><div class=\"evf-frontend-grid evf-grid-4\" data-grid=\"grid_1\"><\/div><div class=\"evf-frontend-grid evf-grid-4\" data-grid=\"grid_2\"><\/div><div class=\"evf-frontend-grid evf-grid-4\" data-grid=\"grid_3\"><\/div><div class=\"evf-frontend-grid evf-grid-4\" data-grid=\"grid_4\"><div id=\"evf-1493-field_nFxaY01OAP-21-container\" class=\"evf-field evf-field-reset form-row\" data-field-id=\"nFxaY01OAP-21\"><div class=\"everest-forms-reset-buttons\"><button type=\"reset\" class=\"evf-reset-button\" data-text=\"Reset\" data-type=\"reset\">Reset<\/button><\/div><\/div><\/div><\/div><div class=\"evf-frontend-row\" data-row=\"row_10\" conditional_rules=\"[]\"><div class=\"evf-frontend-grid evf-grid-1\" data-grid=\"grid_1\"><div id=\"evf-1493-field_ABG8BXqDgx-20-container\" class=\"evf-field evf-field-hcaptcha form-row\" data-field-id=\"ABG8BXqDgx-20\"><label class=\"evf-field-label\" for=\"evf-1493-field_ABG8BXqDgx-20\"><span class=\"evf-label\">hCaptcha<\/span> <\/label><div class=\"evf-recaptcha-container\" style=\"display:block\"><div class=\"g-recaptcha\" data-sitekey=\"a4637438-09ea-418c-b1cc-9074e18d1b97\"><\/div><input type=\"text\" name=\"g-recaptcha-hidden\" class=\"evf-recaptcha-hidden\" style=\"position:absolute!important;clip:rect(0,0,0,0)!important;height:1px!important;width:1px!important;border:0!important;overflow:hidden!important;padding:0!important;margin:0!important;\" required><\/div><\/div><\/div><\/div><\/div><div class=\"evf-honeypot-container evf-field-hp\"><label for=\"evf-1493-field-hp\" class=\"evf-field-label\">Email<\/label><input type=\"text\" name=\"everest_forms[hp]\" id=\"evf-1493-field-hp\" class=\"input-text\"><\/div><div class=\"evf-submit-container \" ><input type=\"hidden\" name=\"everest_forms[id]\" value=\"1493\"><input type=\"hidden\" name=\"everest_forms[author]\" value=\"1\"><button type='submit' name='everest_forms[submit]' class='everest-forms-submit-button button evf-submit ' id='evf-submit-1493' value='evf-submit' data-process-text=\"Procesando\u2026\" conditional_rules='&quot;&quot;' conditional_id='evf-submit-1493'  id=\"evf-submit-1493\" aria-live=\"assertive\">Enviar\/send\/enviar<\/button><\/div><\/form><\/div><!-- .evf-container --><\/div> <\/center>    <\/div>\n<\/div>\n<!-- \/module plain text -->        <\/div>\n                    <div  data-lazy=\"1\" class=\"module_column tb-column col3-1 tb_d57f383 last\">\n                            <\/div>\n                        <\/div>\n        <\/div>\n        <\/div>\n<!--\/themify_builder_content-->","protected":false},"excerpt":{"rendered":"<p>Estar\u00e9 encantado de saber de usted.Por favor, env\u00edeme un mensaje rellenando el siguiente formulario y me pondr\u00e9 en contacto con usted en breve. Correo electr\u00f3nico: kontakt@walkenhorst-coaching.com<\/p>\n","protected":false},"author":1,"featured_media":0,"parent":0,"menu_order":0,"comment_status":"closed","ping_status":"closed","template":"","meta":{"footnotes":""},"class_list":["post-1619","page","type-page","status-publish","hentry","has-post-title","has-post-date","has-post-category","has-post-tag","has-post-comment","has-post-author",""],"builder_content":"<p>Estar\u00e9 encantado de saber de usted.<br>Por favor, env\u00edeme un mensaje rellenando el siguiente formulario y me pondr\u00e9 en contacto con usted en breve.<\/p>\n<h2>Correo electr\u00f3nico: kontakt@walkenhorst-coaching.com\n<center>[everest_form id=\"1493\"] <\/center>","_links":{"self":[{"href":"https:\/\/walkenhorst-coaching.com\/es\/wp-json\/wp\/v2\/pages\/1619","targetHints":{"allow":["GET"]}}],"collection":[{"href":"https:\/\/walkenhorst-coaching.com\/es\/wp-json\/wp\/v2\/pages"}],"about":[{"href":"https:\/\/walkenhorst-coaching.com\/es\/wp-json\/wp\/v2\/types\/page"}],"author":[{"embeddable":true,"href":"https:\/\/walkenhorst-coaching.com\/es\/wp-json\/wp\/v2\/users\/1"}],"replies":[{"embeddable":true,"href":"https:\/\/walkenhorst-coaching.com\/es\/wp-json\/wp\/v2\/comments?post=1619"}],"version-history":[{"count":50,"href":"https:\/\/walkenhorst-coaching.com\/es\/wp-json\/wp\/v2\/pages\/1619\/revisions"}],"predecessor-version":[{"id":2654,"href":"https:\/\/walkenhorst-coaching.com\/es\/wp-json\/wp\/v2\/pages\/1619\/revisions\/2654"}],"wp:attachment":[{"href":"https:\/\/walkenhorst-coaching.com\/es\/wp-json\/wp\/v2\/media?parent=1619"}],"curies":[{"name":"wp","href":"https:\/\/api.w.org\/{rel}","templated":true}]}}